{"id":31576,"date":"2018-09-13T14:14:55","date_gmt":"2018-09-13T12:14:55","guid":{"rendered":"https:\/\/italia-by-natalia.pl\/?page_id=31576"},"modified":"2019-01-11T19:03:50","modified_gmt":"2019-01-11T18:03:50","slug":"your-individual-travel-schedule-to-italy","status":"publish","type":"page","link":"https:\/\/italia-by-natalia.pl\/en\/your-individual-travel-schedule-to-italy\/","title":{"rendered":"Your individual travel schedule to Italy"},"content":{"rendered":"<p>Dear Readers!<\/p>\n<p>I publish extensive texts on the blog, providing you with the information need to plan your trip to Italy on your own. I know however, that not everyone has the time or the organizational skills to extract the most important information for themselves and to create an interesting travel schedule.<\/p>\n<p>If you feel you cannot cope with independent planning, then you should turn to me. I arrange Individual travel schedule to Italy. My specialty is Sicily and Tuscany, but you can ask for any direction. If I think I don&#8217;t have enough knowledge, likewise because I haven&#8217;t been everywhere yet, I&#8217;d be happy to recommend a friend who provides similar services to you. At work, I use only my own, proven information. The program isn&#8217;t a copy of blog posts or rewriting guides. You&#8217;ll find this type of information without any problem, also I provide you a set of practical information and tips. The schedule is a text written, that takes into account individual customer expectations.<\/p>\n<p>You should know about this:<\/p>\n<ul>\n<li>I run a business in Poland, live here, and pay taxes here. Also issue VAT invoices for my services.<\/li>\n<li>I accept a maximum of five orders per month. This is one of several profiles of my activity.<\/li>\n<li>Service priced individually depending on the length of the trip and my work effort.<\/li>\n<li>In exceptional situations, I accept assignment to be implemented immediately, putting aside all other stuff, but the cost is higher.<\/li>\n<li>You can ask about deadlines by writing to: <strong>programy@italia-by-natalia.pl<\/strong> Currently, the first available date is mid-February 2019.<\/li>\n<li>I give free advice and consultations &#8211; as far as possible, only to the blog <a href=\"https:\/\/www.facebook.com\/groups\/182044795619775\/\" target=\"_blank\" rel=\"noopener\">group on Facebook W\u0141OCHY &#8211; podr\u00f3\u017ce &amp; styl \u017cycia<\/a> and in response to comments left on blog posts.<\/li>\n<\/ul>\n<p>&nbsp;<\/p><div id=\"itali-1348231575\" class=\"itali-tresc itali-entity-placement\"><a href=\"https:\/\/www.empik.com\/ksiazki\/literatura-faktu-reportaz,3163,s?qtype=facetForm&#038;searchCategory=3163&#038;hideUnavailable=true&#038;authorFacet=natalia+rosiak\" target=\"_blank\" aria-label=\"moje trzy podr\u00f3\u017cnicze ksi\u0105\u017cki\"><img src=\"https:\/\/italia-by-natalia.pl\/wp-content\/uploads\/2025\/05\/nowy-baner-3-ksiazki-male.jpg\" alt=\"moje trzy podr\u00f3\u017cnicze ksi\u0105\u017cki\"  srcset=\"https:\/\/italia-by-natalia.pl\/wp-content\/uploads\/2025\/05\/nowy-baner-3-ksiazki-male.jpg 1200w, https:\/\/italia-by-natalia.pl\/wp-content\/uploads\/2025\/05\/nowy-baner-3-ksiazki-male-600x450.jpg 600w, https:\/\/italia-by-natalia.pl\/wp-content\/uploads\/2025\/05\/nowy-baner-3-ksiazki-male-920x690.jpg 920w, https:\/\/italia-by-natalia.pl\/wp-content\/uploads\/2025\/05\/nowy-baner-3-ksiazki-male-768x576.jpg 768w, https:\/\/italia-by-natalia.pl\/wp-content\/uploads\/2025\/05\/nowy-baner-3-ksiazki-male-728x546.jpg 728w, https:\/\/italia-by-natalia.pl\/wp-content\/uploads\/2025\/05\/nowy-baner-3-ksiazki-male-360x270.jpg 360w\" sizes=\"(max-width: 1200px) 100vw, 1200px\" width=\"1200\" height=\"900\"   \/><\/a><\/div>\n<div id=\"itali-2207407403\" class=\"itali-stopka-wpisow itali-entity-placement\"><script type=\"text\/javascript\" src=\"https:\/\/app.getresponse.com\/view_webform_v2.js?u=hToFN&webforms_id=BbZMG\" data-webform-id=\"BbZMG\"><\/script><\/div>","protected":false},"excerpt":{"rendered":"<p>Dear Readers! I publish extensive texts on the blog, providing you with the information need to plan your trip to Italy on your own. I know however, that not everyone has the time or the&hellip;<\/p>\n","protected":false},"author":2,"featured_media":30733,"parent":0,"menu_order":0,"comment_status":"closed","ping_status":"closed","template":"","meta":{"_acf_changed":false,"footnotes":""},"class_list":["post-31576","page","type-page","status-publish","has-post-thumbnail","hentry"],"acf":[],"yoast_head":"<!-- This site is optimized with the Yoast SEO Premium plugin v25.6 (Yoast SEO v25.6) - https:\/\/yoast.com\/wordpress\/plugins\/seo\/ -->\n<title>Your individual travel schedule to Italy &#8211; Italia by Natalia<\/title>\n<meta name=\"description\" content=\"Indywiduwalne programy wycieczek po Italii - szczeg\u00f3lnie Sycylii - dla os\u00f3b prywatnych na podstawie dwudziestu lat do\u015bwidczenia w podr\u00f3\u017cowaniu po tym kraju.\" \/>\n<meta name=\"robots\" content=\"index, follow, max-snippet:-1, max-image-preview:large, max-video-preview:-1\" \/>\n<link rel=\"canonical\" href=\"https:\/\/italia-by-natalia.pl\/en\/your-individual-travel-schedule-to-italy\/\" \/>\n<meta property=\"og:locale\" content=\"en_US\" \/>\n<meta property=\"og:type\" content=\"article\" \/>\n<meta property=\"og:title\" content=\"Your individual travel schedule to Italy\" \/>\n<meta property=\"og:description\" content=\"Indywiduwalne programy wycieczek po Italii - szczeg\u00f3lnie Sycylii - dla os\u00f3b prywatnych na podstawie dwudziestu lat do\u015bwidczenia w podr\u00f3\u017cowaniu po tym kraju.\" \/>\n<meta property=\"og:url\" content=\"https:\/\/italia-by-natalia.pl\/en\/your-individual-travel-schedule-to-italy\/\" \/>\n<meta property=\"og:site_name\" content=\"Italia by Natalia\" \/>\n<meta property=\"article:publisher\" content=\"https:\/\/www.facebook.com\/italiabynatalia\/\" \/>\n<meta property=\"article:modified_time\" content=\"2019-01-11T18:03:50+00:00\" \/>\n<meta property=\"og:image\" content=\"https:\/\/italia-by-natalia.pl\/wp-content\/uploads\/2018\/09\/twoj-program-podrozy.jpg\" \/>\n\t<meta property=\"og:image:width\" content=\"1920\" \/>\n\t<meta property=\"og:image:height\" content=\"1280\" \/>\n\t<meta property=\"og:image:type\" content=\"image\/jpeg\" \/>\n<meta name=\"twitter:card\" content=\"summary_large_image\" \/>\n<meta name=\"twitter:site\" content=\"@italiabynatalia\" \/>\n<script type=\"application\/ld+json\" class=\"yoast-schema-graph\">{\"@context\":\"https:\/\/schema.org\",\"@graph\":[{\"@type\":\"WebPage\",\"@id\":\"https:\/\/italia-by-natalia.pl\/en\/your-individual-travel-schedule-to-italy\/\",\"url\":\"https:\/\/italia-by-natalia.pl\/en\/your-individual-travel-schedule-to-italy\/\",\"name\":\"Your individual travel schedule to Italy &#8211; Italia by Natalia\",\"isPartOf\":{\"@id\":\"https:\/\/italia-by-natalia.pl\/en\/#website\"},\"primaryImageOfPage\":{\"@id\":\"https:\/\/italia-by-natalia.pl\/en\/your-individual-travel-schedule-to-italy\/#primaryimage\"},\"image\":{\"@id\":\"https:\/\/italia-by-natalia.pl\/en\/your-individual-travel-schedule-to-italy\/#primaryimage\"},\"thumbnailUrl\":\"https:\/\/italia-by-natalia.pl\/wp-content\/uploads\/2018\/09\/twoj-program-podrozy.jpg\",\"datePublished\":\"2018-09-13T12:14:55+00:00\",\"dateModified\":\"2019-01-11T18:03:50+00:00\",\"description\":\"Indywiduwalne programy wycieczek po Italii - szczeg\u00f3lnie Sycylii - dla os\u00f3b prywatnych na podstawie dwudziestu lat do\u015bwidczenia w podr\u00f3\u017cowaniu po tym kraju.\",\"breadcrumb\":{\"@id\":\"https:\/\/italia-by-natalia.pl\/en\/your-individual-travel-schedule-to-italy\/#breadcrumb\"},\"inLanguage\":\"en-US\",\"potentialAction\":[{\"@type\":\"ReadAction\",\"target\":[\"https:\/\/italia-by-natalia.pl\/en\/your-individual-travel-schedule-to-italy\/\"]}]},{\"@type\":\"ImageObject\",\"inLanguage\":\"en-US\",\"@id\":\"https:\/\/italia-by-natalia.pl\/en\/your-individual-travel-schedule-to-italy\/#primaryimage\",\"url\":\"https:\/\/italia-by-natalia.pl\/wp-content\/uploads\/2018\/09\/twoj-program-podrozy.jpg\",\"contentUrl\":\"https:\/\/italia-by-natalia.pl\/wp-content\/uploads\/2018\/09\/twoj-program-podrozy.jpg\",\"width\":1920,\"height\":1280},{\"@type\":\"BreadcrumbList\",\"@id\":\"https:\/\/italia-by-natalia.pl\/en\/your-individual-travel-schedule-to-italy\/#breadcrumb\",\"itemListElement\":[{\"@type\":\"ListItem\",\"position\":1,\"name\":\"Strona g\u0142\u00f3wna\",\"item\":\"https:\/\/italia-by-natalia.pl\/en\/\"},{\"@type\":\"ListItem\",\"position\":2,\"name\":\"Your individual travel schedule to Italy\"}]},{\"@type\":\"WebSite\",\"@id\":\"https:\/\/italia-by-natalia.pl\/en\/#website\",\"url\":\"https:\/\/italia-by-natalia.pl\/en\/\",\"name\":\"Italia by Natalia\",\"description\":\"Traveling to Italy on your own. Italian lifestyle. TRAVEL BLOG\",\"publisher\":{\"@id\":\"https:\/\/italia-by-natalia.pl\/en\/#\/schema\/person\/46013f4da5f146bfecc1a4ba7ad3409b\"},\"potentialAction\":[{\"@type\":\"SearchAction\",\"target\":{\"@type\":\"EntryPoint\",\"urlTemplate\":\"https:\/\/italia-by-natalia.pl\/en\/?s={search_term_string}\"},\"query-input\":{\"@type\":\"PropertyValueSpecification\",\"valueRequired\":true,\"valueName\":\"search_term_string\"}}],\"inLanguage\":\"en-US\"},{\"@type\":[\"Person\",\"Organization\"],\"@id\":\"https:\/\/italia-by-natalia.pl\/en\/#\/schema\/person\/46013f4da5f146bfecc1a4ba7ad3409b\",\"name\":\"Natalia Rosiak\",\"image\":{\"@type\":\"ImageObject\",\"inLanguage\":\"en-US\",\"@id\":\"https:\/\/italia-by-natalia.pl\/en\/#\/schema\/person\/image\/\",\"url\":\"https:\/\/italia-by-natalia.pl\/wp-content\/uploads\/2025\/12\/natalia-rosiak-autorka.jpg\",\"contentUrl\":\"https:\/\/italia-by-natalia.pl\/wp-content\/uploads\/2025\/12\/natalia-rosiak-autorka.jpg\",\"width\":1200,\"height\":861,\"caption\":\"Natalia Rosiak\"},\"logo\":{\"@id\":\"https:\/\/italia-by-natalia.pl\/en\/#\/schema\/person\/image\/\"},\"description\":\"Jestem podr\u00f3\u017cniczk\u0105, blogerk\u0105 i autork\u0105 ksi\u0105\u017cek. Od 2013 roku dziel\u0119 si\u0119 z Czytelnikami wiedz\u0105 i mi\u0142o\u015bci\u0105 do Italii oraz inspiruj\u0119 do podr\u00f3\u017cy prowadz\u0105c blog o W\u0142oszech oraz media spo\u0142eczno\u015bciowe, a tak\u017ce pisz\u0105c ksi\u0105\u017cki. Moje przewodniki i poradniki w formie e-booka znajdziesz w blogowym sklepie, a ksi\u0105\u017cki podr\u00f3\u017cnicze m.in. w Empiku. Jako pierwszy polski tw\u00f3rca otrzyma\u0142am nagrod\u0119 Gold Italy Ambassador Awards za szczeg\u00f3lny wk\u0142ad i zaanga\u017cowanie w promocj\u0119 W\u0142och oraz kultury w\u0142oskiej. Wi\u0119cej o autorce bloga.\",\"sameAs\":[\"https:\/\/italia-by-natalia.pl\/\",\"https:\/\/www.facebook.com\/italiabynatalia\/\",\"https:\/\/www.instagram.com\/italia_by_natalia\/\",\"https:\/\/x.com\/italiabynatalia\",\"https:\/\/www.youtube.com\/channel\/UCb_2P7yYI68876y9QHYIu5g\"]}]}<\/script>\n<!-- \/ Yoast SEO Premium plugin. -->","yoast_head_json":{"title":"Your individual travel schedule to Italy &#8211; Italia by Natalia","description":"Indywiduwalne programy wycieczek po Italii - szczeg\u00f3lnie Sycylii - dla os\u00f3b prywatnych na podstawie dwudziestu lat do\u015bwidczenia w podr\u00f3\u017cowaniu po tym kraju.","robots":{"index":"index","follow":"follow","max-snippet":"max-snippet:-1","max-image-preview":"max-image-preview:large","max-video-preview":"max-video-preview:-1"},"canonical":"https:\/\/italia-by-natalia.pl\/en\/your-individual-travel-schedule-to-italy\/","og_locale":"en_US","og_type":"article","og_title":"Your individual travel schedule to Italy","og_description":"Indywiduwalne programy wycieczek po Italii - szczeg\u00f3lnie Sycylii - dla os\u00f3b prywatnych na podstawie dwudziestu lat do\u015bwidczenia w podr\u00f3\u017cowaniu po tym kraju.","og_url":"https:\/\/italia-by-natalia.pl\/en\/your-individual-travel-schedule-to-italy\/","og_site_name":"Italia by Natalia","article_publisher":"https:\/\/www.facebook.com\/italiabynatalia\/","article_modified_time":"2019-01-11T18:03:50+00:00","og_image":[{"width":1920,"height":1280,"url":"https:\/\/italia-by-natalia.pl\/wp-content\/uploads\/2018\/09\/twoj-program-podrozy.jpg","type":"image\/jpeg"}],"twitter_card":"summary_large_image","twitter_site":"@italiabynatalia","schema":{"@context":"https:\/\/schema.org","@graph":[{"@type":"WebPage","@id":"https:\/\/italia-by-natalia.pl\/en\/your-individual-travel-schedule-to-italy\/","url":"https:\/\/italia-by-natalia.pl\/en\/your-individual-travel-schedule-to-italy\/","name":"Your individual travel schedule to Italy &#8211; Italia by Natalia","isPartOf":{"@id":"https:\/\/italia-by-natalia.pl\/en\/#website"},"primaryImageOfPage":{"@id":"https:\/\/italia-by-natalia.pl\/en\/your-individual-travel-schedule-to-italy\/#primaryimage"},"image":{"@id":"https:\/\/italia-by-natalia.pl\/en\/your-individual-travel-schedule-to-italy\/#primaryimage"},"thumbnailUrl":"https:\/\/italia-by-natalia.pl\/wp-content\/uploads\/2018\/09\/twoj-program-podrozy.jpg","datePublished":"2018-09-13T12:14:55+00:00","dateModified":"2019-01-11T18:03:50+00:00","description":"Indywiduwalne programy wycieczek po Italii - szczeg\u00f3lnie Sycylii - dla os\u00f3b prywatnych na podstawie dwudziestu lat do\u015bwidczenia w podr\u00f3\u017cowaniu po tym kraju.","breadcrumb":{"@id":"https:\/\/italia-by-natalia.pl\/en\/your-individual-travel-schedule-to-italy\/#breadcrumb"},"inLanguage":"en-US","potentialAction":[{"@type":"ReadAction","target":["https:\/\/italia-by-natalia.pl\/en\/your-individual-travel-schedule-to-italy\/"]}]},{"@type":"ImageObject","inLanguage":"en-US","@id":"https:\/\/italia-by-natalia.pl\/en\/your-individual-travel-schedule-to-italy\/#primaryimage","url":"https:\/\/italia-by-natalia.pl\/wp-content\/uploads\/2018\/09\/twoj-program-podrozy.jpg","contentUrl":"https:\/\/italia-by-natalia.pl\/wp-content\/uploads\/2018\/09\/twoj-program-podrozy.jpg","width":1920,"height":1280},{"@type":"BreadcrumbList","@id":"https:\/\/italia-by-natalia.pl\/en\/your-individual-travel-schedule-to-italy\/#breadcrumb","itemListElement":[{"@type":"ListItem","position":1,"name":"Strona g\u0142\u00f3wna","item":"https:\/\/italia-by-natalia.pl\/en\/"},{"@type":"ListItem","position":2,"name":"Your individual travel schedule to Italy"}]},{"@type":"WebSite","@id":"https:\/\/italia-by-natalia.pl\/en\/#website","url":"https:\/\/italia-by-natalia.pl\/en\/","name":"Italia by Natalia","description":"Traveling to Italy on your own. Italian lifestyle. TRAVEL BLOG","publisher":{"@id":"https:\/\/italia-by-natalia.pl\/en\/#\/schema\/person\/46013f4da5f146bfecc1a4ba7ad3409b"},"potentialAction":[{"@type":"SearchAction","target":{"@type":"EntryPoint","urlTemplate":"https:\/\/italia-by-natalia.pl\/en\/?s={search_term_string}"},"query-input":{"@type":"PropertyValueSpecification","valueRequired":true,"valueName":"search_term_string"}}],"inLanguage":"en-US"},{"@type":["Person","Organization"],"@id":"https:\/\/italia-by-natalia.pl\/en\/#\/schema\/person\/46013f4da5f146bfecc1a4ba7ad3409b","name":"Natalia Rosiak","image":{"@type":"ImageObject","inLanguage":"en-US","@id":"https:\/\/italia-by-natalia.pl\/en\/#\/schema\/person\/image\/","url":"https:\/\/italia-by-natalia.pl\/wp-content\/uploads\/2025\/12\/natalia-rosiak-autorka.jpg","contentUrl":"https:\/\/italia-by-natalia.pl\/wp-content\/uploads\/2025\/12\/natalia-rosiak-autorka.jpg","width":1200,"height":861,"caption":"Natalia Rosiak"},"logo":{"@id":"https:\/\/italia-by-natalia.pl\/en\/#\/schema\/person\/image\/"},"description":"Jestem podr\u00f3\u017cniczk\u0105, blogerk\u0105 i autork\u0105 ksi\u0105\u017cek. Od 2013 roku dziel\u0119 si\u0119 z Czytelnikami wiedz\u0105 i mi\u0142o\u015bci\u0105 do Italii oraz inspiruj\u0119 do podr\u00f3\u017cy prowadz\u0105c blog o W\u0142oszech oraz media spo\u0142eczno\u015bciowe, a tak\u017ce pisz\u0105c ksi\u0105\u017cki. Moje przewodniki i poradniki w formie e-booka znajdziesz w blogowym sklepie, a ksi\u0105\u017cki podr\u00f3\u017cnicze m.in. w Empiku. Jako pierwszy polski tw\u00f3rca otrzyma\u0142am nagrod\u0119 Gold Italy Ambassador Awards za szczeg\u00f3lny wk\u0142ad i zaanga\u017cowanie w promocj\u0119 W\u0142och oraz kultury w\u0142oskiej. Wi\u0119cej o autorce bloga.","sameAs":["https:\/\/italia-by-natalia.pl\/","https:\/\/www.facebook.com\/italiabynatalia\/","https:\/\/www.instagram.com\/italia_by_natalia\/","https:\/\/x.com\/italiabynatalia","https:\/\/www.youtube.com\/channel\/UCb_2P7yYI68876y9QHYIu5g"]}]}},"_links":{"self":[{"href":"https:\/\/italia-by-natalia.pl\/en\/wp-json\/wp\/v2\/pages\/31576"}],"collection":[{"href":"https:\/\/italia-by-natalia.pl\/en\/wp-json\/wp\/v2\/pages"}],"about":[{"href":"https:\/\/italia-by-natalia.pl\/en\/wp-json\/wp\/v2\/types\/page"}],"author":[{"embeddable":true,"href":"https:\/\/italia-by-natalia.pl\/en\/wp-json\/wp\/v2\/users\/2"}],"replies":[{"embeddable":true,"href":"https:\/\/italia-by-natalia.pl\/en\/wp-json\/wp\/v2\/comments?post=31576"}],"version-history":[{"count":5,"href":"https:\/\/italia-by-natalia.pl\/en\/wp-json\/wp\/v2\/pages\/31576\/revisions"}],"predecessor-version":[{"id":31582,"href":"https:\/\/italia-by-natalia.pl\/en\/wp-json\/wp\/v2\/pages\/31576\/revisions\/31582"}],"wp:featuredmedia":[{"embeddable":true,"href":"https:\/\/italia-by-natalia.pl\/en\/wp-json\/wp\/v2\/media\/30733"}],"wp:attachment":[{"href":"https:\/\/italia-by-natalia.pl\/en\/wp-json\/wp\/v2\/media?parent=31576"}],"curies":[{"name":"wp","href":"https:\/\/api.w.org\/{rel}","templated":true}]}}