{"id":18861,"date":"2013-07-17T13:11:05","date_gmt":"2013-07-17T11:11:05","guid":{"rendered":"http:\/\/new.italia-by-natalia.pl\/cookie-policy\/"},"modified":"2024-12-11T21:35:39","modified_gmt":"2024-12-11T20:35:39","slug":"cookie-policy","status":"publish","type":"page","link":"https:\/\/italia-by-natalia.pl\/en\/cookie-policy\/","title":{"rendered":"Cookie policy"},"content":{"rendered":"\n<p>This site uses cookies &#8211; small text files placed on your machine to help the site provide a better user experience. In general, cookies retain user preferences, store information for shopping carts, and provide anonymised tracking data to third-party applications like Google Analytics. As a rule, cookies will make your browsing experience better. However, you may prefer to disable cookies on this site and others. The most effective way to do this is to disable cookies in your browser. We suggest consulting the Help section of your browser or looking at the About Cookies website, which offers guidance for all modern browsers.<\/p>\n<div id=\"itali-2575640706\" class=\"itali-stopka-wpisow itali-entity-placement\"><script type=\"text\/javascript\" src=\"https:\/\/app.getresponse.com\/view_webform_v2.js?u=hToFN&webforms_id=BbZMG\" data-webform-id=\"BbZMG\"><\/script><\/div>","protected":false},"excerpt":{"rendered":"<p>This site uses cookies &#8211; small text files placed on your machine to help the site provide a better user experience. In general, cookies retain user preferences, store information for shopping carts, and provide anonymised&hellip;<\/p>\n","protected":false},"author":4,"featured_media":0,"parent":0,"menu_order":0,"comment_status":"closed","ping_status":"closed","template":"","meta":{"_acf_changed":false,"footnotes":""},"class_list":["post-18861","page","type-page","status-publish","hentry"],"acf":[],"yoast_head":"<!-- This site is optimized with the Yoast SEO Premium plugin v25.6 (Yoast SEO v25.6) - https:\/\/yoast.com\/wordpress\/plugins\/seo\/ -->\n<title>Cookie Policy - Italia By Natalia<\/title>\n<meta name=\"description\" content=\"This site uses cookies - small text files placed on your machine to help the site provide a better user experience. In general, cookies retain user\" \/>\n<meta name=\"robots\" content=\"index, follow, max-snippet:-1, max-image-preview:large, max-video-preview:-1\" \/>\n<link rel=\"canonical\" href=\"https:\/\/italia-by-natalia.pl\/en\/cookie-policy\/\" \/>\n<meta property=\"og:locale\" content=\"en_US\" \/>\n<meta property=\"og:type\" content=\"article\" \/>\n<meta property=\"og:title\" content=\"Cookie policy\" \/>\n<meta property=\"og:description\" content=\"This site uses cookies - small text files placed on your machine to help the site provide a better user experience. In general, cookies retain user\" \/>\n<meta property=\"og:url\" content=\"https:\/\/italia-by-natalia.pl\/en\/cookie-policy\/\" \/>\n<meta property=\"og:site_name\" content=\"Italia by Natalia\" \/>\n<meta property=\"article:publisher\" content=\"https:\/\/www.facebook.com\/italiabynatalia\/\" \/>\n<meta property=\"article:modified_time\" content=\"2024-12-11T20:35:39+00:00\" \/>\n<meta name=\"twitter:card\" content=\"summary_large_image\" \/>\n<meta name=\"twitter:site\" content=\"@italiabynatalia\" \/>\n<script type=\"application\/ld+json\" class=\"yoast-schema-graph\">{\"@context\":\"https:\/\/schema.org\",\"@graph\":[{\"@type\":\"WebPage\",\"@id\":\"https:\/\/italia-by-natalia.pl\/en\/cookie-policy\/\",\"url\":\"https:\/\/italia-by-natalia.pl\/en\/cookie-policy\/\",\"name\":\"Cookie Policy - Italia By Natalia\",\"isPartOf\":{\"@id\":\"https:\/\/italia-by-natalia.pl\/en\/#website\"},\"datePublished\":\"2013-07-17T11:11:05+00:00\",\"dateModified\":\"2024-12-11T20:35:39+00:00\",\"description\":\"This site uses cookies - small text files placed on your machine to help the site provide a better user experience. In general, cookies retain user\",\"breadcrumb\":{\"@id\":\"https:\/\/italia-by-natalia.pl\/en\/cookie-policy\/#breadcrumb\"},\"inLanguage\":\"en-US\",\"potentialAction\":[{\"@type\":\"ReadAction\",\"target\":[\"https:\/\/italia-by-natalia.pl\/en\/cookie-policy\/\"]}]},{\"@type\":\"BreadcrumbList\",\"@id\":\"https:\/\/italia-by-natalia.pl\/en\/cookie-policy\/#breadcrumb\",\"itemListElement\":[{\"@type\":\"ListItem\",\"position\":1,\"name\":\"Strona g\u0142\u00f3wna\",\"item\":\"https:\/\/italia-by-natalia.pl\/en\/\"},{\"@type\":\"ListItem\",\"position\":2,\"name\":\"Cookie policy\"}]},{\"@type\":\"WebSite\",\"@id\":\"https:\/\/italia-by-natalia.pl\/en\/#website\",\"url\":\"https:\/\/italia-by-natalia.pl\/en\/\",\"name\":\"Italia by Natalia\",\"description\":\"Traveling to Italy on your own. Italian lifestyle. TRAVEL BLOG\",\"publisher\":{\"@id\":\"https:\/\/italia-by-natalia.pl\/en\/#\/schema\/person\/46013f4da5f146bfecc1a4ba7ad3409b\"},\"potentialAction\":[{\"@type\":\"SearchAction\",\"target\":{\"@type\":\"EntryPoint\",\"urlTemplate\":\"https:\/\/italia-by-natalia.pl\/en\/?s={search_term_string}\"},\"query-input\":{\"@type\":\"PropertyValueSpecification\",\"valueRequired\":true,\"valueName\":\"search_term_string\"}}],\"inLanguage\":\"en-US\"},{\"@type\":[\"Person\",\"Organization\"],\"@id\":\"https:\/\/italia-by-natalia.pl\/en\/#\/schema\/person\/46013f4da5f146bfecc1a4ba7ad3409b\",\"name\":\"Natalia Rosiak\",\"image\":{\"@type\":\"ImageObject\",\"inLanguage\":\"en-US\",\"@id\":\"https:\/\/italia-by-natalia.pl\/en\/#\/schema\/person\/image\/\",\"url\":\"https:\/\/italia-by-natalia.pl\/wp-content\/uploads\/2025\/12\/natalia-rosiak-autorka.jpg\",\"contentUrl\":\"https:\/\/italia-by-natalia.pl\/wp-content\/uploads\/2025\/12\/natalia-rosiak-autorka.jpg\",\"width\":1200,\"height\":861,\"caption\":\"Natalia Rosiak\"},\"logo\":{\"@id\":\"https:\/\/italia-by-natalia.pl\/en\/#\/schema\/person\/image\/\"},\"description\":\"Jestem podr\u00f3\u017cniczk\u0105, blogerk\u0105 i autork\u0105 ksi\u0105\u017cek. Od 2013 roku dziel\u0119 si\u0119 z Czytelnikami wiedz\u0105 i mi\u0142o\u015bci\u0105 do Italii oraz inspiruj\u0119 do podr\u00f3\u017cy prowadz\u0105c blog o W\u0142oszech oraz media spo\u0142eczno\u015bciowe, a tak\u017ce pisz\u0105c ksi\u0105\u017cki. Moje przewodniki i poradniki w formie e-booka znajdziesz w blogowym sklepie, a ksi\u0105\u017cki podr\u00f3\u017cnicze m.in. w Empiku. Jako pierwszy polski tw\u00f3rca otrzyma\u0142am nagrod\u0119 Gold Italy Ambassador Awards za szczeg\u00f3lny wk\u0142ad i zaanga\u017cowanie w promocj\u0119 W\u0142och oraz kultury w\u0142oskiej. Wi\u0119cej o autorce bloga.\",\"sameAs\":[\"https:\/\/italia-by-natalia.pl\/\",\"https:\/\/www.facebook.com\/italiabynatalia\/\",\"https:\/\/www.instagram.com\/italia_by_natalia\/\",\"https:\/\/x.com\/italiabynatalia\",\"https:\/\/www.youtube.com\/channel\/UCb_2P7yYI68876y9QHYIu5g\"]}]}<\/script>\n<!-- \/ Yoast SEO Premium plugin. -->","yoast_head_json":{"title":"Cookie Policy - Italia By Natalia","description":"This site uses cookies - small text files placed on your machine to help the site provide a better user experience. In general, cookies retain user","robots":{"index":"index","follow":"follow","max-snippet":"max-snippet:-1","max-image-preview":"max-image-preview:large","max-video-preview":"max-video-preview:-1"},"canonical":"https:\/\/italia-by-natalia.pl\/en\/cookie-policy\/","og_locale":"en_US","og_type":"article","og_title":"Cookie policy","og_description":"This site uses cookies - small text files placed on your machine to help the site provide a better user experience. In general, cookies retain user","og_url":"https:\/\/italia-by-natalia.pl\/en\/cookie-policy\/","og_site_name":"Italia by Natalia","article_publisher":"https:\/\/www.facebook.com\/italiabynatalia\/","article_modified_time":"2024-12-11T20:35:39+00:00","twitter_card":"summary_large_image","twitter_site":"@italiabynatalia","schema":{"@context":"https:\/\/schema.org","@graph":[{"@type":"WebPage","@id":"https:\/\/italia-by-natalia.pl\/en\/cookie-policy\/","url":"https:\/\/italia-by-natalia.pl\/en\/cookie-policy\/","name":"Cookie Policy - Italia By Natalia","isPartOf":{"@id":"https:\/\/italia-by-natalia.pl\/en\/#website"},"datePublished":"2013-07-17T11:11:05+00:00","dateModified":"2024-12-11T20:35:39+00:00","description":"This site uses cookies - small text files placed on your machine to help the site provide a better user experience. In general, cookies retain user","breadcrumb":{"@id":"https:\/\/italia-by-natalia.pl\/en\/cookie-policy\/#breadcrumb"},"inLanguage":"en-US","potentialAction":[{"@type":"ReadAction","target":["https:\/\/italia-by-natalia.pl\/en\/cookie-policy\/"]}]},{"@type":"BreadcrumbList","@id":"https:\/\/italia-by-natalia.pl\/en\/cookie-policy\/#breadcrumb","itemListElement":[{"@type":"ListItem","position":1,"name":"Strona g\u0142\u00f3wna","item":"https:\/\/italia-by-natalia.pl\/en\/"},{"@type":"ListItem","position":2,"name":"Cookie policy"}]},{"@type":"WebSite","@id":"https:\/\/italia-by-natalia.pl\/en\/#website","url":"https:\/\/italia-by-natalia.pl\/en\/","name":"Italia by Natalia","description":"Traveling to Italy on your own. Italian lifestyle. TRAVEL BLOG","publisher":{"@id":"https:\/\/italia-by-natalia.pl\/en\/#\/schema\/person\/46013f4da5f146bfecc1a4ba7ad3409b"},"potentialAction":[{"@type":"SearchAction","target":{"@type":"EntryPoint","urlTemplate":"https:\/\/italia-by-natalia.pl\/en\/?s={search_term_string}"},"query-input":{"@type":"PropertyValueSpecification","valueRequired":true,"valueName":"search_term_string"}}],"inLanguage":"en-US"},{"@type":["Person","Organization"],"@id":"https:\/\/italia-by-natalia.pl\/en\/#\/schema\/person\/46013f4da5f146bfecc1a4ba7ad3409b","name":"Natalia Rosiak","image":{"@type":"ImageObject","inLanguage":"en-US","@id":"https:\/\/italia-by-natalia.pl\/en\/#\/schema\/person\/image\/","url":"https:\/\/italia-by-natalia.pl\/wp-content\/uploads\/2025\/12\/natalia-rosiak-autorka.jpg","contentUrl":"https:\/\/italia-by-natalia.pl\/wp-content\/uploads\/2025\/12\/natalia-rosiak-autorka.jpg","width":1200,"height":861,"caption":"Natalia Rosiak"},"logo":{"@id":"https:\/\/italia-by-natalia.pl\/en\/#\/schema\/person\/image\/"},"description":"Jestem podr\u00f3\u017cniczk\u0105, blogerk\u0105 i autork\u0105 ksi\u0105\u017cek. Od 2013 roku dziel\u0119 si\u0119 z Czytelnikami wiedz\u0105 i mi\u0142o\u015bci\u0105 do Italii oraz inspiruj\u0119 do podr\u00f3\u017cy prowadz\u0105c blog o W\u0142oszech oraz media spo\u0142eczno\u015bciowe, a tak\u017ce pisz\u0105c ksi\u0105\u017cki. Moje przewodniki i poradniki w formie e-booka znajdziesz w blogowym sklepie, a ksi\u0105\u017cki podr\u00f3\u017cnicze m.in. w Empiku. Jako pierwszy polski tw\u00f3rca otrzyma\u0142am nagrod\u0119 Gold Italy Ambassador Awards za szczeg\u00f3lny wk\u0142ad i zaanga\u017cowanie w promocj\u0119 W\u0142och oraz kultury w\u0142oskiej. Wi\u0119cej o autorce bloga.","sameAs":["https:\/\/italia-by-natalia.pl\/","https:\/\/www.facebook.com\/italiabynatalia\/","https:\/\/www.instagram.com\/italia_by_natalia\/","https:\/\/x.com\/italiabynatalia","https:\/\/www.youtube.com\/channel\/UCb_2P7yYI68876y9QHYIu5g"]}]}},"_links":{"self":[{"href":"https:\/\/italia-by-natalia.pl\/en\/wp-json\/wp\/v2\/pages\/18861"}],"collection":[{"href":"https:\/\/italia-by-natalia.pl\/en\/wp-json\/wp\/v2\/pages"}],"about":[{"href":"https:\/\/italia-by-natalia.pl\/en\/wp-json\/wp\/v2\/types\/page"}],"author":[{"embeddable":true,"href":"https:\/\/italia-by-natalia.pl\/en\/wp-json\/wp\/v2\/users\/4"}],"replies":[{"embeddable":true,"href":"https:\/\/italia-by-natalia.pl\/en\/wp-json\/wp\/v2\/comments?post=18861"}],"version-history":[{"count":1,"href":"https:\/\/italia-by-natalia.pl\/en\/wp-json\/wp\/v2\/pages\/18861\/revisions"}],"predecessor-version":[{"id":61612,"href":"https:\/\/italia-by-natalia.pl\/en\/wp-json\/wp\/v2\/pages\/18861\/revisions\/61612"}],"wp:attachment":[{"href":"https:\/\/italia-by-natalia.pl\/en\/wp-json\/wp\/v2\/media?parent=18861"}],"curies":[{"name":"wp","href":"https:\/\/api.w.org\/{rel}","templated":true}]}}