{"id":18840,"date":"2013-01-05T22:18:16","date_gmt":"2013-01-05T21:18:16","guid":{"rendered":"http:\/\/new.italia-by-natalia.pl\/contact\/"},"modified":"2017-07-01T19:39:55","modified_gmt":"2017-07-01T17:39:55","slug":"contact","status":"publish","type":"page","link":"https:\/\/italia-by-natalia.pl\/en\/contact\/","title":{"rendered":"Contact"},"content":{"rendered":"<p>[vc_row ][vc_column]\n<div class=\"wpcf7 no-js\" id=\"wpcf7-f18848-o1\" lang=\"pl-PL\" dir=\"ltr\" data-wpcf7-id=\"18848\">\n<div class=\"screen-reader-response\"><p role=\"status\" aria-live=\"polite\" aria-atomic=\"true\"><\/p> <ul><\/ul><\/div>\n<form action=\"\/en\/wp-json\/wp\/v2\/pages\/18840#wpcf7-f18848-o1\" method=\"post\" class=\"wpcf7-form init\" aria-label=\"Formularz kontaktowy\" novalidate=\"novalidate\" data-status=\"init\">\n<div style=\"display: none;\">\n<input type=\"hidden\" name=\"_wpcf7\" value=\"18848\" \/>\n<input type=\"hidden\" name=\"_wpcf7_version\" value=\"6.0.6\" \/>\n<input type=\"hidden\" name=\"_wpcf7_locale\" value=\"pl_PL\" \/>\n<input type=\"hidden\" name=\"_wpcf7_unit_tag\" value=\"wpcf7-f18848-o1\" \/>\n<input type=\"hidden\" name=\"_wpcf7_container_post\" value=\"0\" \/>\n<input type=\"hidden\" name=\"_wpcf7_posted_data_hash\" value=\"\" \/>\n<\/div>\n<p><label> Your Name (required)<br \/>\n<span class=\"wpcf7-form-control-wrap\" data-name=\"your-name\"><input size=\"40\" maxlength=\"400\" class=\"wpcf7-form-control wpcf7-text wpcf7-validates-as-required\" aria-required=\"true\" aria-invalid=\"false\" value=\"\" type=\"text\" name=\"your-name\" \/><\/span> <\/label>\n<\/p>\n<p><label> Your email (required)<br \/>\n<span class=\"wpcf7-form-control-wrap\" data-name=\"your-email\"><input size=\"40\" maxlength=\"400\" class=\"wpcf7-form-control wpcf7-email wpcf7-validates-as-required wpcf7-text wpcf7-validates-as-email\" aria-required=\"true\" aria-invalid=\"false\" value=\"\" type=\"email\" name=\"your-email\" \/><\/span> <\/label>\n<\/p>\n<p><label> Subject<br \/>\n<span class=\"wpcf7-form-control-wrap\" data-name=\"your-subject\"><input size=\"40\" maxlength=\"400\" class=\"wpcf7-form-control wpcf7-text\" aria-invalid=\"false\" value=\"\" type=\"text\" name=\"your-subject\" \/><\/span> <\/label>\n<\/p>\n<p><label> Message<br \/>\n<span class=\"wpcf7-form-control-wrap\" data-name=\"your-message\"><textarea cols=\"40\" rows=\"10\" maxlength=\"2000\" class=\"wpcf7-form-control wpcf7-textarea\" aria-invalid=\"false\" name=\"your-message\"><\/textarea><\/span> <\/label>\n<\/p><div id=\"itali-2013512382\" class=\"itali-tresc itali-entity-placement\"><a href=\"https:\/\/www.empik.com\/ksiazki\/literatura-faktu-reportaz,3163,s?qtype=facetForm&#038;searchCategory=3163&#038;hideUnavailable=true&#038;authorFacet=natalia+rosiak\" target=\"_blank\" aria-label=\"moje trzy podr\u00f3\u017cnicze ksi\u0105\u017cki\"><img src=\"https:\/\/italia-by-natalia.pl\/wp-content\/uploads\/2025\/05\/nowy-baner-3-ksiazki-male.jpg\" alt=\"moje trzy podr\u00f3\u017cnicze ksi\u0105\u017cki\"  srcset=\"https:\/\/italia-by-natalia.pl\/wp-content\/uploads\/2025\/05\/nowy-baner-3-ksiazki-male.jpg 1200w, https:\/\/italia-by-natalia.pl\/wp-content\/uploads\/2025\/05\/nowy-baner-3-ksiazki-male-600x450.jpg 600w, https:\/\/italia-by-natalia.pl\/wp-content\/uploads\/2025\/05\/nowy-baner-3-ksiazki-male-920x690.jpg 920w, https:\/\/italia-by-natalia.pl\/wp-content\/uploads\/2025\/05\/nowy-baner-3-ksiazki-male-768x576.jpg 768w, https:\/\/italia-by-natalia.pl\/wp-content\/uploads\/2025\/05\/nowy-baner-3-ksiazki-male-728x546.jpg 728w, https:\/\/italia-by-natalia.pl\/wp-content\/uploads\/2025\/05\/nowy-baner-3-ksiazki-male-360x270.jpg 360w\" sizes=\"(max-width: 1200px) 100vw, 1200px\" width=\"1200\" height=\"900\"   \/><\/a><\/div>\n<p><input class=\"wpcf7-form-control wpcf7-submit has-spinner\" type=\"submit\" value=\"Send\" \/>\n<\/p><input name=\"wpmsp_hp_confirm_email\" type=\"email\" class=\"wpmsp_hp\" autocomplete=\"off\" placeholder=\"Potwierd\u017a sw\u00f3j adres e-mail\">\r\n<input name=\"wpmsp_hp_url\" type=\"text\" class=\"wpmsp_hp\" autocomplete=\"off\" data-hpv=\"8f8e8a3a8961e6558321bcf277e214cd\">\r\n<div class=\"wpcf7-response-output\" aria-hidden=\"true\"><\/div>\n<\/form>\n<\/div>\n[\/vc_column][\/vc_row]<\/p>\n<div id=\"itali-2927190102\" class=\"itali-stopka-wpisow itali-entity-placement\"><script type=\"text\/javascript\" src=\"https:\/\/app.getresponse.com\/view_webform_v2.js?u=hToFN&webforms_id=BbZMG\" data-webform-id=\"BbZMG\"><\/script><\/div>","protected":false},"excerpt":{"rendered":"<p>[vc_row ][vc_column][\/vc_column][\/vc_row]<\/p>\n","protected":false},"author":2,"featured_media":0,"parent":0,"menu_order":0,"comment_status":"closed","ping_status":"closed","template":"","meta":{"_acf_changed":false,"footnotes":""},"class_list":["post-18840","page","type-page","status-publish","hentry"],"acf":[],"yoast_head":"<!-- This site is optimized with the Yoast SEO Premium plugin v25.6 (Yoast SEO v25.6) - https:\/\/yoast.com\/wordpress\/plugins\/seo\/ -->\n<title>I&#039;m very happy you want to contact with me!<\/title>\n<meta name=\"description\" content=\"I&#039;m very happy you want to contact with me!\" \/>\n<meta name=\"robots\" content=\"index, follow, max-snippet:-1, max-image-preview:large, max-video-preview:-1\" \/>\n<link rel=\"canonical\" href=\"https:\/\/italia-by-natalia.pl\/en\/contact\/\" \/>\n<meta property=\"og:locale\" content=\"en_US\" \/>\n<meta property=\"og:type\" content=\"article\" \/>\n<meta property=\"og:title\" content=\"Contact\" \/>\n<meta property=\"og:description\" content=\"I&#039;m very happy you want to contact with me!\" \/>\n<meta property=\"og:url\" content=\"https:\/\/italia-by-natalia.pl\/en\/contact\/\" \/>\n<meta property=\"og:site_name\" content=\"Italia by Natalia\" \/>\n<meta property=\"article:publisher\" content=\"https:\/\/www.facebook.com\/italiabynatalia\/\" \/>\n<meta property=\"article:modified_time\" content=\"2017-07-01T17:39:55+00:00\" \/>\n<meta name=\"twitter:card\" content=\"summary_large_image\" \/>\n<meta name=\"twitter:site\" content=\"@italiabynatalia\" \/>\n<script type=\"application\/ld+json\" class=\"yoast-schema-graph\">{\"@context\":\"https:\/\/schema.org\",\"@graph\":[{\"@type\":\"WebPage\",\"@id\":\"https:\/\/italia-by-natalia.pl\/en\/contact\/\",\"url\":\"https:\/\/italia-by-natalia.pl\/en\/contact\/\",\"name\":\"I'm very happy you want to contact with me!\",\"isPartOf\":{\"@id\":\"https:\/\/italia-by-natalia.pl\/en\/#website\"},\"datePublished\":\"2013-01-05T21:18:16+00:00\",\"dateModified\":\"2017-07-01T17:39:55+00:00\",\"description\":\"I'm very happy you want to contact with me!\",\"breadcrumb\":{\"@id\":\"https:\/\/italia-by-natalia.pl\/en\/contact\/#breadcrumb\"},\"inLanguage\":\"en-US\",\"potentialAction\":[{\"@type\":\"ReadAction\",\"target\":[\"https:\/\/italia-by-natalia.pl\/en\/contact\/\"]}]},{\"@type\":\"BreadcrumbList\",\"@id\":\"https:\/\/italia-by-natalia.pl\/en\/contact\/#breadcrumb\",\"itemListElement\":[{\"@type\":\"ListItem\",\"position\":1,\"name\":\"Strona g\u0142\u00f3wna\",\"item\":\"https:\/\/italia-by-natalia.pl\/en\/\"},{\"@type\":\"ListItem\",\"position\":2,\"name\":\"Contact\"}]},{\"@type\":\"WebSite\",\"@id\":\"https:\/\/italia-by-natalia.pl\/en\/#website\",\"url\":\"https:\/\/italia-by-natalia.pl\/en\/\",\"name\":\"Italia by Natalia\",\"description\":\"Traveling to Italy on your own. Italian lifestyle. TRAVEL BLOG\",\"publisher\":{\"@id\":\"https:\/\/italia-by-natalia.pl\/en\/#\/schema\/person\/46013f4da5f146bfecc1a4ba7ad3409b\"},\"potentialAction\":[{\"@type\":\"SearchAction\",\"target\":{\"@type\":\"EntryPoint\",\"urlTemplate\":\"https:\/\/italia-by-natalia.pl\/en\/?s={search_term_string}\"},\"query-input\":{\"@type\":\"PropertyValueSpecification\",\"valueRequired\":true,\"valueName\":\"search_term_string\"}}],\"inLanguage\":\"en-US\"},{\"@type\":[\"Person\",\"Organization\"],\"@id\":\"https:\/\/italia-by-natalia.pl\/en\/#\/schema\/person\/46013f4da5f146bfecc1a4ba7ad3409b\",\"name\":\"Natalia Rosiak\",\"image\":{\"@type\":\"ImageObject\",\"inLanguage\":\"en-US\",\"@id\":\"https:\/\/italia-by-natalia.pl\/en\/#\/schema\/person\/image\/\",\"url\":\"https:\/\/italia-by-natalia.pl\/wp-content\/uploads\/2025\/12\/natalia-rosiak-autorka.jpg\",\"contentUrl\":\"https:\/\/italia-by-natalia.pl\/wp-content\/uploads\/2025\/12\/natalia-rosiak-autorka.jpg\",\"width\":1200,\"height\":861,\"caption\":\"Natalia Rosiak\"},\"logo\":{\"@id\":\"https:\/\/italia-by-natalia.pl\/en\/#\/schema\/person\/image\/\"},\"description\":\"Jestem podr\u00f3\u017cniczk\u0105, blogerk\u0105 i autork\u0105 ksi\u0105\u017cek. Od 2013 roku dziel\u0119 si\u0119 z Czytelnikami wiedz\u0105 i mi\u0142o\u015bci\u0105 do Italii oraz inspiruj\u0119 do podr\u00f3\u017cy prowadz\u0105c blog o W\u0142oszech oraz media spo\u0142eczno\u015bciowe, a tak\u017ce pisz\u0105c ksi\u0105\u017cki. Moje przewodniki i poradniki w formie e-booka znajdziesz w blogowym sklepie, a ksi\u0105\u017cki podr\u00f3\u017cnicze m.in. w Empiku. Jako pierwszy polski tw\u00f3rca otrzyma\u0142am nagrod\u0119 Gold Italy Ambassador Awards za szczeg\u00f3lny wk\u0142ad i zaanga\u017cowanie w promocj\u0119 W\u0142och oraz kultury w\u0142oskiej. Wi\u0119cej o autorce bloga.\",\"sameAs\":[\"https:\/\/italia-by-natalia.pl\/\",\"https:\/\/www.facebook.com\/italiabynatalia\/\",\"https:\/\/www.instagram.com\/italia_by_natalia\/\",\"https:\/\/x.com\/italiabynatalia\",\"https:\/\/www.youtube.com\/channel\/UCb_2P7yYI68876y9QHYIu5g\"]}]}<\/script>\n<!-- \/ Yoast SEO Premium plugin. -->","yoast_head_json":{"title":"I'm very happy you want to contact with me!","description":"I'm very happy you want to contact with me!","robots":{"index":"index","follow":"follow","max-snippet":"max-snippet:-1","max-image-preview":"max-image-preview:large","max-video-preview":"max-video-preview:-1"},"canonical":"https:\/\/italia-by-natalia.pl\/en\/contact\/","og_locale":"en_US","og_type":"article","og_title":"Contact","og_description":"I'm very happy you want to contact with me!","og_url":"https:\/\/italia-by-natalia.pl\/en\/contact\/","og_site_name":"Italia by Natalia","article_publisher":"https:\/\/www.facebook.com\/italiabynatalia\/","article_modified_time":"2017-07-01T17:39:55+00:00","twitter_card":"summary_large_image","twitter_site":"@italiabynatalia","schema":{"@context":"https:\/\/schema.org","@graph":[{"@type":"WebPage","@id":"https:\/\/italia-by-natalia.pl\/en\/contact\/","url":"https:\/\/italia-by-natalia.pl\/en\/contact\/","name":"I'm very happy you want to contact with me!","isPartOf":{"@id":"https:\/\/italia-by-natalia.pl\/en\/#website"},"datePublished":"2013-01-05T21:18:16+00:00","dateModified":"2017-07-01T17:39:55+00:00","description":"I'm very happy you want to contact with me!","breadcrumb":{"@id":"https:\/\/italia-by-natalia.pl\/en\/contact\/#breadcrumb"},"inLanguage":"en-US","potentialAction":[{"@type":"ReadAction","target":["https:\/\/italia-by-natalia.pl\/en\/contact\/"]}]},{"@type":"BreadcrumbList","@id":"https:\/\/italia-by-natalia.pl\/en\/contact\/#breadcrumb","itemListElement":[{"@type":"ListItem","position":1,"name":"Strona g\u0142\u00f3wna","item":"https:\/\/italia-by-natalia.pl\/en\/"},{"@type":"ListItem","position":2,"name":"Contact"}]},{"@type":"WebSite","@id":"https:\/\/italia-by-natalia.pl\/en\/#website","url":"https:\/\/italia-by-natalia.pl\/en\/","name":"Italia by Natalia","description":"Traveling to Italy on your own. Italian lifestyle. TRAVEL BLOG","publisher":{"@id":"https:\/\/italia-by-natalia.pl\/en\/#\/schema\/person\/46013f4da5f146bfecc1a4ba7ad3409b"},"potentialAction":[{"@type":"SearchAction","target":{"@type":"EntryPoint","urlTemplate":"https:\/\/italia-by-natalia.pl\/en\/?s={search_term_string}"},"query-input":{"@type":"PropertyValueSpecification","valueRequired":true,"valueName":"search_term_string"}}],"inLanguage":"en-US"},{"@type":["Person","Organization"],"@id":"https:\/\/italia-by-natalia.pl\/en\/#\/schema\/person\/46013f4da5f146bfecc1a4ba7ad3409b","name":"Natalia Rosiak","image":{"@type":"ImageObject","inLanguage":"en-US","@id":"https:\/\/italia-by-natalia.pl\/en\/#\/schema\/person\/image\/","url":"https:\/\/italia-by-natalia.pl\/wp-content\/uploads\/2025\/12\/natalia-rosiak-autorka.jpg","contentUrl":"https:\/\/italia-by-natalia.pl\/wp-content\/uploads\/2025\/12\/natalia-rosiak-autorka.jpg","width":1200,"height":861,"caption":"Natalia Rosiak"},"logo":{"@id":"https:\/\/italia-by-natalia.pl\/en\/#\/schema\/person\/image\/"},"description":"Jestem podr\u00f3\u017cniczk\u0105, blogerk\u0105 i autork\u0105 ksi\u0105\u017cek. Od 2013 roku dziel\u0119 si\u0119 z Czytelnikami wiedz\u0105 i mi\u0142o\u015bci\u0105 do Italii oraz inspiruj\u0119 do podr\u00f3\u017cy prowadz\u0105c blog o W\u0142oszech oraz media spo\u0142eczno\u015bciowe, a tak\u017ce pisz\u0105c ksi\u0105\u017cki. Moje przewodniki i poradniki w formie e-booka znajdziesz w blogowym sklepie, a ksi\u0105\u017cki podr\u00f3\u017cnicze m.in. w Empiku. Jako pierwszy polski tw\u00f3rca otrzyma\u0142am nagrod\u0119 Gold Italy Ambassador Awards za szczeg\u00f3lny wk\u0142ad i zaanga\u017cowanie w promocj\u0119 W\u0142och oraz kultury w\u0142oskiej. Wi\u0119cej o autorce bloga.","sameAs":["https:\/\/italia-by-natalia.pl\/","https:\/\/www.facebook.com\/italiabynatalia\/","https:\/\/www.instagram.com\/italia_by_natalia\/","https:\/\/x.com\/italiabynatalia","https:\/\/www.youtube.com\/channel\/UCb_2P7yYI68876y9QHYIu5g"]}]}},"_links":{"self":[{"href":"https:\/\/italia-by-natalia.pl\/en\/wp-json\/wp\/v2\/pages\/18840"}],"collection":[{"href":"https:\/\/italia-by-natalia.pl\/en\/wp-json\/wp\/v2\/pages"}],"about":[{"href":"https:\/\/italia-by-natalia.pl\/en\/wp-json\/wp\/v2\/types\/page"}],"author":[{"embeddable":true,"href":"https:\/\/italia-by-natalia.pl\/en\/wp-json\/wp\/v2\/users\/2"}],"replies":[{"embeddable":true,"href":"https:\/\/italia-by-natalia.pl\/en\/wp-json\/wp\/v2\/comments?post=18840"}],"version-history":[{"count":0,"href":"https:\/\/italia-by-natalia.pl\/en\/wp-json\/wp\/v2\/pages\/18840\/revisions"}],"wp:attachment":[{"href":"https:\/\/italia-by-natalia.pl\/en\/wp-json\/wp\/v2\/media?parent=18840"}],"curies":[{"name":"wp","href":"https:\/\/api.w.org\/{rel}","templated":true}]}}