{"id":18837,"date":"2017-06-16T12:30:23","date_gmt":"2017-06-16T10:30:23","guid":{"rendered":"http:\/\/new.italia-by-natalia.pl\/home\/"},"modified":"2024-10-23T19:13:00","modified_gmt":"2024-10-23T17:13:00","slug":"home","status":"publish","type":"page","link":"https:\/\/italia-by-natalia.pl\/en\/","title":{"rendered":"Home"},"content":{"rendered":"<p><a href=\"https:\/\/italia-by-natalia.pl\/wp-content\/uploads\/2023\/05\/natalia-rosiak-na-strone-glowna.jpg\"><img decoding=\"async\" class=\"aligncenter size-full wp-image-56523\" src=\"https:\/\/italia-by-natalia.pl\/wp-content\/uploads\/2023\/05\/natalia-rosiak-na-strone-glowna.jpg\" alt=\"Natalia Rosiak for the homepage\" width=\"600\" height=\"642\" srcset=\"https:\/\/italia-by-natalia.pl\/wp-content\/uploads\/2023\/05\/natalia-rosiak-na-strone-glowna.jpg 600w, https:\/\/italia-by-natalia.pl\/wp-content\/uploads\/2023\/05\/natalia-rosiak-na-strone-glowna-360x385.jpg 360w\" sizes=\"(max-width: 600px) 100vw, 600px\" \/><\/a><\/p>\n<h3>Welcome to the blog about Italy!<\/h3>\n<p>If you are looking for interesting and reliable content, you\u2019ve come to the right place. My name is <strong>Natalia Rosiak<\/strong>, and I am a traveler, blogger, and author. For over 10 years, I\u2019ve been sharing my knowledge and love for Italy with readers, inspiring travel by running a <a href=\"https:\/\/italia-by-natalia.pl\/en\/about-the-blog\/\" target=\"_blank\" rel=\"noopener noreferrer\">blog<\/a>, engaging on <a href=\"https:\/\/www.facebook.com\/italiabynatalia\/\" target=\"_blank\" rel=\"noopener noreferrer\">Facebook<\/a>, <a href=\"https:\/\/www.instagram.com\/italia_by_natalia\/\" target=\"_blank\" rel=\"noopener noreferrer\">Instagram<\/a>, <a href=\"https:\/\/www.youtube.com\/user\/italiabynataliapl\" target=\"_blank\" rel=\"noopener noreferrer\">YouTube<\/a>, in the group <a href=\"https:\/\/www.facebook.com\/groups\/182044795619775\/\" target=\"_blank\" rel=\"noopener noreferrer\">Italy &#8211; Travel &amp; Lifestyle<\/a>, and on <a href=\"https:\/\/twitter.com\/italiabynatalia\" target=\"_blank\" rel=\"noopener noreferrer\">Twitter<\/a>. You can find my guides and tips in the blog\u2019s <a href=\"https:\/\/italia-by-natalia.pl\/sklep\/\" target=\"_blank\" rel=\"noopener noreferrer\">shop<\/a>, and my latest books in bookstores.<\/p>\n<div id=\"itali-2382988813\" class=\"itali-stopka-wpisow itali-entity-placement\"><script type=\"text\/javascript\" src=\"https:\/\/app.getresponse.com\/view_webform_v2.js?u=hToFN&webforms_id=BbZMG\" data-webform-id=\"BbZMG\"><\/script><\/div>","protected":false},"excerpt":{"rendered":"<p>Welcome to the blog about Italy! If you are looking for interesting and reliable content, you\u2019ve come to the right place. My name is Natalia Rosiak, and I am a traveler, blogger, and author. For&hellip;<\/p>\n","protected":false},"author":4,"featured_media":27685,"parent":0,"menu_order":0,"comment_status":"closed","ping_status":"closed","template":"","meta":{"_acf_changed":false,"footnotes":""},"class_list":["post-18837","page","type-page","status-publish","has-post-thumbnail","hentry"],"acf":[],"yoast_head":"<!-- This site is optimized with the Yoast SEO Premium plugin v25.6 (Yoast SEO v25.6) - https:\/\/yoast.com\/wordpress\/plugins\/seo\/ -->\n<title>Traveling to Italy on your own &amp; Italian lifestyle. TRAVEL BLOG<\/title>\n<meta name=\"description\" content=\"Traveling to Italy on your own &amp; Italian lifestyle. TRAVEL BLOG\" \/>\n<meta name=\"robots\" content=\"index, follow, max-snippet:-1, max-image-preview:large, max-video-preview:-1\" \/>\n<link rel=\"canonical\" href=\"https:\/\/italia-by-natalia.pl\/en\/\" \/>\n<meta property=\"og:locale\" content=\"en_US\" \/>\n<meta property=\"og:type\" content=\"article\" \/>\n<meta property=\"og:title\" content=\"Home\" \/>\n<meta property=\"og:description\" content=\"Traveling to Italy on your own &amp; Italian lifestyle. TRAVEL BLOG\" \/>\n<meta property=\"og:url\" content=\"https:\/\/italia-by-natalia.pl\/en\/\" \/>\n<meta property=\"og:site_name\" content=\"Italia by Natalia\" \/>\n<meta property=\"article:publisher\" content=\"https:\/\/www.facebook.com\/italiabynatalia\/\" \/>\n<meta property=\"article:modified_time\" content=\"2024-10-23T17:13:00+00:00\" \/>\n<meta property=\"og:image\" content=\"https:\/\/italia-by-natalia.pl\/wp-content\/uploads\/2018\/04\/2000x753-grafikaANG.png\" \/>\n\t<meta property=\"og:image:width\" content=\"2000\" \/>\n\t<meta property=\"og:image:height\" content=\"753\" \/>\n\t<meta property=\"og:image:type\" content=\"image\/png\" \/>\n<meta name=\"twitter:card\" content=\"summary_large_image\" \/>\n<meta name=\"twitter:site\" content=\"@italiabynatalia\" \/>\n<script type=\"application\/ld+json\" class=\"yoast-schema-graph\">{\"@context\":\"https:\/\/schema.org\",\"@graph\":[{\"@type\":\"WebPage\",\"@id\":\"https:\/\/italia-by-natalia.pl\/en\/\",\"url\":\"https:\/\/italia-by-natalia.pl\/en\/\",\"name\":\"Traveling to Italy on your own & Italian lifestyle. TRAVEL BLOG\",\"isPartOf\":{\"@id\":\"https:\/\/italia-by-natalia.pl\/en\/#website\"},\"primaryImageOfPage\":{\"@id\":\"https:\/\/italia-by-natalia.pl\/en\/#primaryimage\"},\"image\":{\"@id\":\"https:\/\/italia-by-natalia.pl\/en\/#primaryimage\"},\"thumbnailUrl\":\"https:\/\/italia-by-natalia.pl\/wp-content\/uploads\/2018\/04\/2000x753-grafikaANG.png\",\"datePublished\":\"2017-06-16T10:30:23+00:00\",\"dateModified\":\"2024-10-23T17:13:00+00:00\",\"description\":\"Traveling to Italy on your own & Italian lifestyle. TRAVEL BLOG\",\"breadcrumb\":{\"@id\":\"https:\/\/italia-by-natalia.pl\/en\/#breadcrumb\"},\"inLanguage\":\"en-US\",\"potentialAction\":[{\"@type\":\"ReadAction\",\"target\":[\"https:\/\/italia-by-natalia.pl\/en\/\"]}]},{\"@type\":\"ImageObject\",\"inLanguage\":\"en-US\",\"@id\":\"https:\/\/italia-by-natalia.pl\/en\/#primaryimage\",\"url\":\"https:\/\/italia-by-natalia.pl\/wp-content\/uploads\/2018\/04\/2000x753-grafikaANG.png\",\"contentUrl\":\"https:\/\/italia-by-natalia.pl\/wp-content\/uploads\/2018\/04\/2000x753-grafikaANG.png\",\"width\":2000,\"height\":753},{\"@type\":\"BreadcrumbList\",\"@id\":\"https:\/\/italia-by-natalia.pl\/en\/#breadcrumb\",\"itemListElement\":[{\"@type\":\"ListItem\",\"position\":1,\"name\":\"Strona g\u0142\u00f3wna\",\"item\":\"https:\/\/italia-by-natalia.pl\/en\/\"},{\"@type\":\"ListItem\",\"position\":2,\"name\":\"Home\"}]},{\"@type\":\"WebSite\",\"@id\":\"https:\/\/italia-by-natalia.pl\/en\/#website\",\"url\":\"https:\/\/italia-by-natalia.pl\/en\/\",\"name\":\"Italia by Natalia\",\"description\":\"Traveling to Italy on your own. Italian lifestyle. TRAVEL BLOG\",\"publisher\":{\"@id\":\"https:\/\/italia-by-natalia.pl\/en\/#\/schema\/person\/46013f4da5f146bfecc1a4ba7ad3409b\"},\"potentialAction\":[{\"@type\":\"SearchAction\",\"target\":{\"@type\":\"EntryPoint\",\"urlTemplate\":\"https:\/\/italia-by-natalia.pl\/en\/?s={search_term_string}\"},\"query-input\":{\"@type\":\"PropertyValueSpecification\",\"valueRequired\":true,\"valueName\":\"search_term_string\"}}],\"inLanguage\":\"en-US\"},{\"@type\":[\"Person\",\"Organization\"],\"@id\":\"https:\/\/italia-by-natalia.pl\/en\/#\/schema\/person\/46013f4da5f146bfecc1a4ba7ad3409b\",\"name\":\"Natalia Rosiak\",\"image\":{\"@type\":\"ImageObject\",\"inLanguage\":\"en-US\",\"@id\":\"https:\/\/italia-by-natalia.pl\/en\/#\/schema\/person\/image\/\",\"url\":\"https:\/\/italia-by-natalia.pl\/wp-content\/uploads\/2025\/12\/natalia-rosiak-autorka.jpg\",\"contentUrl\":\"https:\/\/italia-by-natalia.pl\/wp-content\/uploads\/2025\/12\/natalia-rosiak-autorka.jpg\",\"width\":1200,\"height\":861,\"caption\":\"Natalia Rosiak\"},\"logo\":{\"@id\":\"https:\/\/italia-by-natalia.pl\/en\/#\/schema\/person\/image\/\"},\"description\":\"Jestem podr\u00f3\u017cniczk\u0105, blogerk\u0105 i autork\u0105 ksi\u0105\u017cek. Od 2013 roku dziel\u0119 si\u0119 z Czytelnikami wiedz\u0105 i mi\u0142o\u015bci\u0105 do Italii oraz inspiruj\u0119 do podr\u00f3\u017cy prowadz\u0105c blog o W\u0142oszech oraz media spo\u0142eczno\u015bciowe, a tak\u017ce pisz\u0105c ksi\u0105\u017cki. Moje przewodniki i poradniki w formie e-booka znajdziesz w blogowym sklepie, a ksi\u0105\u017cki podr\u00f3\u017cnicze m.in. w Empiku. Jako pierwszy polski tw\u00f3rca otrzyma\u0142am nagrod\u0119 Gold Italy Ambassador Awards za szczeg\u00f3lny wk\u0142ad i zaanga\u017cowanie w promocj\u0119 W\u0142och oraz kultury w\u0142oskiej. Wi\u0119cej o autorce bloga.\",\"sameAs\":[\"https:\/\/italia-by-natalia.pl\/\",\"https:\/\/www.facebook.com\/italiabynatalia\/\",\"https:\/\/www.instagram.com\/italia_by_natalia\/\",\"https:\/\/x.com\/italiabynatalia\",\"https:\/\/www.youtube.com\/channel\/UCb_2P7yYI68876y9QHYIu5g\"]}]}<\/script>\n<!-- \/ Yoast SEO Premium plugin. -->","yoast_head_json":{"title":"Traveling to Italy on your own & Italian lifestyle. TRAVEL BLOG","description":"Traveling to Italy on your own & Italian lifestyle. TRAVEL BLOG","robots":{"index":"index","follow":"follow","max-snippet":"max-snippet:-1","max-image-preview":"max-image-preview:large","max-video-preview":"max-video-preview:-1"},"canonical":"https:\/\/italia-by-natalia.pl\/en\/","og_locale":"en_US","og_type":"article","og_title":"Home","og_description":"Traveling to Italy on your own & Italian lifestyle. TRAVEL BLOG","og_url":"https:\/\/italia-by-natalia.pl\/en\/","og_site_name":"Italia by Natalia","article_publisher":"https:\/\/www.facebook.com\/italiabynatalia\/","article_modified_time":"2024-10-23T17:13:00+00:00","og_image":[{"width":2000,"height":753,"url":"https:\/\/italia-by-natalia.pl\/wp-content\/uploads\/2018\/04\/2000x753-grafikaANG.png","type":"image\/png"}],"twitter_card":"summary_large_image","twitter_site":"@italiabynatalia","schema":{"@context":"https:\/\/schema.org","@graph":[{"@type":"WebPage","@id":"https:\/\/italia-by-natalia.pl\/en\/","url":"https:\/\/italia-by-natalia.pl\/en\/","name":"Traveling to Italy on your own & Italian lifestyle. TRAVEL BLOG","isPartOf":{"@id":"https:\/\/italia-by-natalia.pl\/en\/#website"},"primaryImageOfPage":{"@id":"https:\/\/italia-by-natalia.pl\/en\/#primaryimage"},"image":{"@id":"https:\/\/italia-by-natalia.pl\/en\/#primaryimage"},"thumbnailUrl":"https:\/\/italia-by-natalia.pl\/wp-content\/uploads\/2018\/04\/2000x753-grafikaANG.png","datePublished":"2017-06-16T10:30:23+00:00","dateModified":"2024-10-23T17:13:00+00:00","description":"Traveling to Italy on your own & Italian lifestyle. TRAVEL BLOG","breadcrumb":{"@id":"https:\/\/italia-by-natalia.pl\/en\/#breadcrumb"},"inLanguage":"en-US","potentialAction":[{"@type":"ReadAction","target":["https:\/\/italia-by-natalia.pl\/en\/"]}]},{"@type":"ImageObject","inLanguage":"en-US","@id":"https:\/\/italia-by-natalia.pl\/en\/#primaryimage","url":"https:\/\/italia-by-natalia.pl\/wp-content\/uploads\/2018\/04\/2000x753-grafikaANG.png","contentUrl":"https:\/\/italia-by-natalia.pl\/wp-content\/uploads\/2018\/04\/2000x753-grafikaANG.png","width":2000,"height":753},{"@type":"BreadcrumbList","@id":"https:\/\/italia-by-natalia.pl\/en\/#breadcrumb","itemListElement":[{"@type":"ListItem","position":1,"name":"Strona g\u0142\u00f3wna","item":"https:\/\/italia-by-natalia.pl\/en\/"},{"@type":"ListItem","position":2,"name":"Home"}]},{"@type":"WebSite","@id":"https:\/\/italia-by-natalia.pl\/en\/#website","url":"https:\/\/italia-by-natalia.pl\/en\/","name":"Italia by Natalia","description":"Traveling to Italy on your own. Italian lifestyle. TRAVEL BLOG","publisher":{"@id":"https:\/\/italia-by-natalia.pl\/en\/#\/schema\/person\/46013f4da5f146bfecc1a4ba7ad3409b"},"potentialAction":[{"@type":"SearchAction","target":{"@type":"EntryPoint","urlTemplate":"https:\/\/italia-by-natalia.pl\/en\/?s={search_term_string}"},"query-input":{"@type":"PropertyValueSpecification","valueRequired":true,"valueName":"search_term_string"}}],"inLanguage":"en-US"},{"@type":["Person","Organization"],"@id":"https:\/\/italia-by-natalia.pl\/en\/#\/schema\/person\/46013f4da5f146bfecc1a4ba7ad3409b","name":"Natalia Rosiak","image":{"@type":"ImageObject","inLanguage":"en-US","@id":"https:\/\/italia-by-natalia.pl\/en\/#\/schema\/person\/image\/","url":"https:\/\/italia-by-natalia.pl\/wp-content\/uploads\/2025\/12\/natalia-rosiak-autorka.jpg","contentUrl":"https:\/\/italia-by-natalia.pl\/wp-content\/uploads\/2025\/12\/natalia-rosiak-autorka.jpg","width":1200,"height":861,"caption":"Natalia Rosiak"},"logo":{"@id":"https:\/\/italia-by-natalia.pl\/en\/#\/schema\/person\/image\/"},"description":"Jestem podr\u00f3\u017cniczk\u0105, blogerk\u0105 i autork\u0105 ksi\u0105\u017cek. Od 2013 roku dziel\u0119 si\u0119 z Czytelnikami wiedz\u0105 i mi\u0142o\u015bci\u0105 do Italii oraz inspiruj\u0119 do podr\u00f3\u017cy prowadz\u0105c blog o W\u0142oszech oraz media spo\u0142eczno\u015bciowe, a tak\u017ce pisz\u0105c ksi\u0105\u017cki. Moje przewodniki i poradniki w formie e-booka znajdziesz w blogowym sklepie, a ksi\u0105\u017cki podr\u00f3\u017cnicze m.in. w Empiku. Jako pierwszy polski tw\u00f3rca otrzyma\u0142am nagrod\u0119 Gold Italy Ambassador Awards za szczeg\u00f3lny wk\u0142ad i zaanga\u017cowanie w promocj\u0119 W\u0142och oraz kultury w\u0142oskiej. Wi\u0119cej o autorce bloga.","sameAs":["https:\/\/italia-by-natalia.pl\/","https:\/\/www.facebook.com\/italiabynatalia\/","https:\/\/www.instagram.com\/italia_by_natalia\/","https:\/\/x.com\/italiabynatalia","https:\/\/www.youtube.com\/channel\/UCb_2P7yYI68876y9QHYIu5g"]}]}},"_links":{"self":[{"href":"https:\/\/italia-by-natalia.pl\/en\/wp-json\/wp\/v2\/pages\/18837"}],"collection":[{"href":"https:\/\/italia-by-natalia.pl\/en\/wp-json\/wp\/v2\/pages"}],"about":[{"href":"https:\/\/italia-by-natalia.pl\/en\/wp-json\/wp\/v2\/types\/page"}],"author":[{"embeddable":true,"href":"https:\/\/italia-by-natalia.pl\/en\/wp-json\/wp\/v2\/users\/4"}],"replies":[{"embeddable":true,"href":"https:\/\/italia-by-natalia.pl\/en\/wp-json\/wp\/v2\/comments?post=18837"}],"version-history":[{"count":5,"href":"https:\/\/italia-by-natalia.pl\/en\/wp-json\/wp\/v2\/pages\/18837\/revisions"}],"predecessor-version":[{"id":60853,"href":"https:\/\/italia-by-natalia.pl\/en\/wp-json\/wp\/v2\/pages\/18837\/revisions\/60853"}],"wp:featuredmedia":[{"embeddable":true,"href":"https:\/\/italia-by-natalia.pl\/en\/wp-json\/wp\/v2\/media\/27685"}],"wp:attachment":[{"href":"https:\/\/italia-by-natalia.pl\/en\/wp-json\/wp\/v2\/media?parent=18837"}],"curies":[{"name":"wp","href":"https:\/\/api.w.org\/{rel}","templated":true}]}}